{"id":2,"date":"2025-05-06T11:57:56","date_gmt":"2025-05-06T11:57:56","guid":{"rendered":"https:\/\/culturalmosaic.liaise-project.eu\/?page_id=2"},"modified":"2025-11-17T18:16:41","modified_gmt":"2025-11-17T16:16:41","slug":"home","status":"publish","type":"page","link":"https:\/\/culturalmosaic.liaise-project.eu\/mwl\/","title":{"rendered":"Home"},"content":{"rendered":"<div class=\"wp-block-uagb-container section-image-1 uagb-block-4e28198a alignfull uagb-is-root-container\">\n<figure class=\"wp-block-image size-full\"><img decoding=\"async\" src=\"https:\/\/liaise-project.eu\/wp-content\/uploads\/2025\/04\/8.jpg\" alt=\"8\" class=\"wp-image-13\"\/><\/figure>\n<\/div>\n\n\n\n<div data-aos= \"fade-up\" data-aos-duration=\"400\" data-aos-delay=\"0\" data-aos-easing=\"ease\" data-aos-once=\"true\" class=\"wp-block-uagb-container home-section-1 uagb-block-9c4a2d25 alignfull uagb-is-root-container\">\n<h2 class=\"wp-block-heading has-text-align-center translation-block\">Kontan w\u00e8 dot asou Cultural Mosaic<br>An platf\u00f2m pou aprann lang ki adan pwoj\u00e9 LIAISE<\/h2>\n<\/div>\n\n\n\n<div data-aos= \"fade-up\" data-aos-duration=\"400\" data-aos-delay=\"0\" data-aos-easing=\"ease\" data-aos-once=\"true\" class=\"wp-block-uagb-container home-section-2 uagb-block-b4732ffa alignfull uagb-is-root-container\">\n<div class=\"wp-block-columns is-layout-flex wp-container-core-columns-is-layout-9d6595d7 wp-block-columns-is-layout-flex\">\n<div class=\"wp-block-column section-2-col is-layout-flow wp-block-column-is-layout-flow\" style=\"flex-basis:25%\">\n<figure class=\"wp-block-image size-full\"><a href=\"https:\/\/culturalmosaic.liaise-project.eu\/mwl\/library\/\"><img loading=\"lazy\" decoding=\"async\" width=\"360\" height=\"360\" src=\"https:\/\/culturalmosaic.liaise-project.eu\/wp-content\/uploads\/2025\/05\/icon1.png\" alt=\"icon1\" class=\"wp-image-35\" srcset=\"https:\/\/culturalmosaic.liaise-project.eu\/wp-content\/uploads\/2025\/05\/icon1.png 360w, https:\/\/culturalmosaic.liaise-project.eu\/wp-content\/uploads\/2025\/05\/icon1-300x300.png 300w, https:\/\/culturalmosaic.liaise-project.eu\/wp-content\/uploads\/2025\/05\/icon1-150x150.png 150w\" sizes=\"auto, (max-width: 360px) 100vw, 360px\" \/><\/a><\/figure>\n\n\n\n<h3 class=\"wp-block-heading has-text-align-center\">Biblot\u00e8k<\/h3>\n<\/div>\n\n\n\n<div class=\"wp-block-column section-2-col is-layout-flow wp-block-column-is-layout-flow\" style=\"flex-basis:25%\">\n<figure class=\"wp-block-image size-full\"><a href=\"https:\/\/culturalmosaic.liaise-project.eu\/mwl\/forums\/forum\/community-forum\/\"><img loading=\"lazy\" decoding=\"async\" width=\"360\" height=\"360\" src=\"https:\/\/culturalmosaic.liaise-project.eu\/wp-content\/uploads\/2025\/05\/icon2.png\" alt=\"icon2\" class=\"wp-image-36\" srcset=\"https:\/\/culturalmosaic.liaise-project.eu\/wp-content\/uploads\/2025\/05\/icon2.png 360w, https:\/\/culturalmosaic.liaise-project.eu\/wp-content\/uploads\/2025\/05\/icon2-300x300.png 300w, https:\/\/culturalmosaic.liaise-project.eu\/wp-content\/uploads\/2025\/05\/icon2-150x150.png 150w\" sizes=\"auto, (max-width: 360px) 100vw, 360px\" \/><\/a><\/figure>\n\n\n\n<h3 class=\"wp-block-heading has-text-align-center\">Fow\u00f2m kominot\u00e8<\/h3>\n<\/div>\n\n\n\n<div class=\"wp-block-column section-2-col is-layout-flow wp-block-column-is-layout-flow\" style=\"flex-basis:25%\">\n<figure class=\"wp-block-image size-full\"><a href=\"https:\/\/culturalmosaic.liaise-project.eu\/mwl\/digital-bridges\/\"><img loading=\"lazy\" decoding=\"async\" width=\"360\" height=\"360\" src=\"https:\/\/culturalmosaic.liaise-project.eu\/wp-content\/uploads\/2025\/05\/icon3.png\" alt=\"icon3\" class=\"wp-image-37\" srcset=\"https:\/\/culturalmosaic.liaise-project.eu\/wp-content\/uploads\/2025\/05\/icon3.png 360w, https:\/\/culturalmosaic.liaise-project.eu\/wp-content\/uploads\/2025\/05\/icon3-300x300.png 300w, https:\/\/culturalmosaic.liaise-project.eu\/wp-content\/uploads\/2025\/05\/icon3-150x150.png 150w\" sizes=\"auto, (max-width: 360px) 100vw, 360px\" \/><\/a><\/figure>\n\n\n\n<h3 class=\"wp-block-heading has-text-align-center\">P\u00f2nt num\u00e9rik<\/h3>\n<\/div>\n\n\n\n<div class=\"wp-block-column section-2-col is-layout-flow wp-block-column-is-layout-flow\" style=\"flex-basis:25%\">\n<figure class=\"wp-block-image size-full\"><a href=\"https:\/\/culturalmosaic.liaise-project.eu\/mwl\/insight-engine\/\"><img loading=\"lazy\" decoding=\"async\" width=\"360\" height=\"360\" src=\"https:\/\/culturalmosaic.liaise-project.eu\/wp-content\/uploads\/2025\/05\/icon4.png\" alt=\"icon4\" class=\"wp-image-38\" srcset=\"https:\/\/culturalmosaic.liaise-project.eu\/wp-content\/uploads\/2025\/05\/icon4.png 360w, https:\/\/culturalmosaic.liaise-project.eu\/wp-content\/uploads\/2025\/05\/icon4-300x300.png 300w, https:\/\/culturalmosaic.liaise-project.eu\/wp-content\/uploads\/2025\/05\/icon4-150x150.png 150w\" sizes=\"auto, (max-width: 360px) 100vw, 360px\" \/><\/a><\/figure>\n\n\n\n<h3 class=\"wp-block-heading has-text-align-center\">Mekanis d\u2019Insights<\/h3>\n<\/div>\n<\/div>\n<\/div>\n\n\n\n<div data-aos= \"fade\" data-aos-duration=\"400\" data-aos-delay=\"0\" data-aos-easing=\"ease\" data-aos-once=\"true\" class=\"wp-block-uagb-container home-section-8 uagb-block-f7e2b128 alignfull uagb-is-root-container\">\n<h2 class=\"wp-block-heading has-text-align-center\">Patn\u00e8<\/h2>\n\n\n<div class=\"carousel-slider-outer carousel-slider-outer-image-carousel carousel-slider-outer-22\" style=\"--carousel-slider-nav-color:#f1f1f1;--carousel-slider-active-nav-color:#00d1b2;--carousel-slider-arrow-size:48px;--carousel-slider-bullet-size:10px\">\n<div id=\"&#039;id-22\" class=\"carousel-slider carousel-slider-22 arrows-visibility-never dots-visibility-never arrows-outside dots-center dots-circle owl-carousel\" data-slide-type=\"image-carousel\" data-owl-settings='{\"nav\":false,\"dots\":false,\"slideBy\":1,\"stagePadding\":0,\"margin\":10,\"loop\":true,\"lazyLoad\":false,\"autoplay\":true,\"autoplayTimeout\":5000,\"autoplaySpeed\":500,\"autoplayHoverPause\":true,\"autoWidth\":false,\"responsive\":{\"300\":{\"items\":1},\"576\":{\"items\":2},\"768\":{\"items\":2},\"1024\":{\"items\":3},\"1280\":{\"items\":4},\"1536\":{\"items\":5}}}'>\n<div class=\"carousel-slider__item\">\n\t<img loading=\"lazy\" decoding=\"async\" width=\"400\" height=\"300\" src=\"https:\/\/culturalmosaic.liaise-project.eu\/wp-content\/uploads\/2025\/05\/snt-george.jpg\" class=\"attachment-medium_large size-medium_large\" alt=\"snt-george\" srcset=\"https:\/\/culturalmosaic.liaise-project.eu\/wp-content\/uploads\/2025\/05\/snt-george.jpg 400w, https:\/\/culturalmosaic.liaise-project.eu\/wp-content\/uploads\/2025\/05\/snt-george-300x225.jpg 300w\" sizes=\"auto, (max-width: 400px) 100vw, 400px\" \/><\/a><\/div>\n\n<div class=\"carousel-slider__item\">\n\t<img loading=\"lazy\" decoding=\"async\" width=\"400\" height=\"300\" src=\"https:\/\/culturalmosaic.liaise-project.eu\/wp-content\/uploads\/2025\/05\/idaes.jpg\" class=\"attachment-medium_large size-medium_large\" alt=\"idaes\" srcset=\"https:\/\/culturalmosaic.liaise-project.eu\/wp-content\/uploads\/2025\/05\/idaes.jpg 400w, https:\/\/culturalmosaic.liaise-project.eu\/wp-content\/uploads\/2025\/05\/idaes-300x225.jpg 300w\" sizes=\"auto, (max-width: 400px) 100vw, 400px\" \/><\/a><\/div>\n\n<div class=\"carousel-slider__item\">\n\t<img loading=\"lazy\" decoding=\"async\" width=\"400\" height=\"300\" src=\"https:\/\/culturalmosaic.liaise-project.eu\/wp-content\/uploads\/2025\/05\/ciara.jpg\" class=\"attachment-medium_large size-medium_large\" alt=\"ciara\" srcset=\"https:\/\/culturalmosaic.liaise-project.eu\/wp-content\/uploads\/2025\/05\/ciara.jpg 400w, https:\/\/culturalmosaic.liaise-project.eu\/wp-content\/uploads\/2025\/05\/ciara-300x225.jpg 300w\" sizes=\"auto, (max-width: 400px) 100vw, 400px\" \/><\/a><\/div>\n\n<div class=\"carousel-slider__item\">\n\t<img loading=\"lazy\" decoding=\"async\" width=\"400\" height=\"300\" src=\"https:\/\/culturalmosaic.liaise-project.eu\/wp-content\/uploads\/2025\/05\/barreiro.jpg\" class=\"attachment-medium_large size-medium_large\" alt=\"barreiro\" srcset=\"https:\/\/culturalmosaic.liaise-project.eu\/wp-content\/uploads\/2025\/05\/barreiro.jpg 400w, https:\/\/culturalmosaic.liaise-project.eu\/wp-content\/uploads\/2025\/05\/barreiro-300x225.jpg 300w\" sizes=\"auto, (max-width: 400px) 100vw, 400px\" \/><\/a><\/div>\n\n<div class=\"carousel-slider__item\">\n\t<img loading=\"lazy\" decoding=\"async\" width=\"400\" height=\"300\" src=\"https:\/\/culturalmosaic.liaise-project.eu\/wp-content\/uploads\/2025\/05\/rbrussels.jpg\" class=\"attachment-medium_large size-medium_large\" alt=\"rbrussels\" srcset=\"https:\/\/culturalmosaic.liaise-project.eu\/wp-content\/uploads\/2025\/05\/rbrussels.jpg 400w, https:\/\/culturalmosaic.liaise-project.eu\/wp-content\/uploads\/2025\/05\/rbrussels-300x225.jpg 300w\" sizes=\"auto, (max-width: 400px) 100vw, 400px\" \/><\/a><\/div>\n\n<div class=\"carousel-slider__item\">\n\t<img loading=\"lazy\" decoding=\"async\" width=\"400\" height=\"300\" src=\"https:\/\/culturalmosaic.liaise-project.eu\/wp-content\/uploads\/2025\/05\/mkosmos.jpg\" class=\"attachment-medium_large size-medium_large\" alt=\"mkosmos\" srcset=\"https:\/\/culturalmosaic.liaise-project.eu\/wp-content\/uploads\/2025\/05\/mkosmos.jpg 400w, https:\/\/culturalmosaic.liaise-project.eu\/wp-content\/uploads\/2025\/05\/mkosmos-300x225.jpg 300w\" sizes=\"auto, (max-width: 400px) 100vw, 400px\" \/><\/a><\/div>\n\n<\/div><!-- .carousel-slider-22 -->\n<\/div><!-- .carousel-slider-outer-22 -->\n\n<\/div>","protected":false},"excerpt":{"rendered":"<p>Welcome to Cultural MosaicA Language Learning Platform<\/p>","protected":false},"author":1,"featured_media":0,"parent":0,"menu_order":0,"comment_status":"closed","ping_status":"closed","template":"page-fluid.php","meta":{"_bbp_topic_count":0,"_bbp_reply_count":0,"_bbp_total_topic_count":0,"_bbp_total_reply_count":0,"_bbp_voice_count":0,"_bbp_anonymous_reply_count":0,"_bbp_topic_count_hidden":0,"_bbp_reply_count_hidden":0,"_bbp_forum_subforum_count":0,"_uag_custom_page_level_css":"","footnotes":""},"class_list":["post-2","page","type-page","status-publish","hentry"],"uagb_featured_image_src":{"full":false,"thumbnail":false,"medium":false,"medium_large":false,"large":false,"1536x1536":false,"2048x2048":false,"trp-custom-language-flag":false,"d4p-bbp-thumb":false},"uagb_author_info":{"display_name":"admin","author_link":"https:\/\/culturalmosaic.liaise-project.eu\/mwl\/author\/cultmosliaadmn\/"},"uagb_comment_info":0,"uagb_excerpt":"Welcome to Cultural MosaicA Language Learning Platform","_links":{"self":[{"href":"https:\/\/culturalmosaic.liaise-project.eu\/mwl\/wp-json\/wp\/v2\/pages\/2","targetHints":{"allow":["GET"]}}],"collection":[{"href":"https:\/\/culturalmosaic.liaise-project.eu\/mwl\/wp-json\/wp\/v2\/pages"}],"about":[{"href":"https:\/\/culturalmosaic.liaise-project.eu\/mwl\/wp-json\/wp\/v2\/types\/page"}],"author":[{"embeddable":true,"href":"https:\/\/culturalmosaic.liaise-project.eu\/mwl\/wp-json\/wp\/v2\/users\/1"}],"replies":[{"embeddable":true,"href":"https:\/\/culturalmosaic.liaise-project.eu\/mwl\/wp-json\/wp\/v2\/comments?post=2"}],"version-history":[{"count":10,"href":"https:\/\/culturalmosaic.liaise-project.eu\/mwl\/wp-json\/wp\/v2\/pages\/2\/revisions"}],"predecessor-version":[{"id":237,"href":"https:\/\/culturalmosaic.liaise-project.eu\/mwl\/wp-json\/wp\/v2\/pages\/2\/revisions\/237"}],"wp:attachment":[{"href":"https:\/\/culturalmosaic.liaise-project.eu\/mwl\/wp-json\/wp\/v2\/media?parent=2"}],"curies":[{"name":"wp","href":"https:\/\/api.w.org\/{rel}","templated":true}]}}